{"id":7113,"date":"2024-02-17T11:56:57","date_gmt":"2024-02-17T11:56:57","guid":{"rendered":"https:\/\/construtoracavalli.com.br\/imobiliaria\/?page_id=7113"},"modified":"2024-07-06T11:42:08","modified_gmt":"2024-07-06T11:42:08","slug":"a-construtora","status":"publish","type":"page","link":"https:\/\/construtoracavalli.com.br\/imobiliaria\/a-construtora\/","title":{"rendered":"A Construtora"},"content":{"rendered":"\t\t<div data-elementor-type=\"wp-page\" data-elementor-id=\"7113\" class=\"elementor elementor-7113\" data-elementor-post-type=\"page\">\n\t\t\t\t\t\t<section class=\"elementor-section elementor-top-section elementor-element elementor-element-2201f181 elementor-section-stretched elementor-section-boxed elementor-section-height-default elementor-section-height-default\" data-id=\"2201f181\" data-element_type=\"section\" data-e-type=\"section\" data-settings=\"{&quot;stretch_section&quot;:&quot;section-stretched&quot;}\">\n\t\t\t\t\t\t<div class=\"elementor-container elementor-column-gap-extended\">\n\t\t\t\t\t<div class=\"elementor-column elementor-col-100 elementor-top-column elementor-element elementor-element-3f48c\" data-id=\"3f48c\" data-element_type=\"column\" data-e-type=\"column\">\n\t\t\t<div class=\"elementor-widget-wrap elementor-element-populated\">\n\t\t\t\t\t\t<div class=\"elementor-element elementor-element-8ed0f39 elementor-widget elementor-widget-heading\" data-id=\"8ed0f39\" data-element_type=\"widget\" data-e-type=\"widget\" data-widget_type=\"heading.default\">\n\t\t\t\t<div class=\"elementor-widget-container\">\n\t\t\t\t\t<h2 class=\"elementor-heading-title elementor-size-default\">A construtora Cavalli<\/h2>\t\t\t\t<\/div>\n\t\t\t\t<\/div>\n\t\t\t\t\t<\/div>\n\t\t<\/div>\n\t\t\t\t\t<\/div>\n\t\t<\/section>\n\t\t\t\t<section class=\"elementor-section elementor-top-section elementor-element elementor-element-8bfa9b5 elementor-section-stretched elementor-section-boxed elementor-section-height-default elementor-section-height-default\" data-id=\"8bfa9b5\" data-element_type=\"section\" data-e-type=\"section\" data-settings=\"{&quot;stretch_section&quot;:&quot;section-stretched&quot;}\">\n\t\t\t\t\t\t<div class=\"elementor-container elementor-column-gap-extended\">\n\t\t\t\t\t<div class=\"elementor-column elementor-col-50 elementor-top-column elementor-element elementor-element-21814359\" data-id=\"21814359\" data-element_type=\"column\" data-e-type=\"column\">\n\t\t\t<div class=\"elementor-widget-wrap elementor-element-populated\">\n\t\t\t\t\t\t<div class=\"elementor-element elementor-element-805783c elementor-widget elementor-widget-text-editor\" data-id=\"805783c\" data-element_type=\"widget\" data-e-type=\"widget\" data-widget_type=\"text-editor.default\">\n\t\t\t\t<div class=\"elementor-widget-container\">\n\t\t\t\t\t\t\t\t\t<p>H\u00e1 17 anos constru\u00edmos com responsabilidade e nossa trajet\u00f3ria \u00e9 marcada pela busca permanente por um padr\u00e3o de qualidade superior e pela garantia de obras executadas no prazo.<\/p>\t\t\t\t\t\t\t\t<\/div>\n\t\t\t\t<\/div>\n\t\t\t\t<div class=\"elementor-element elementor-element-54b6598a elementor-widget elementor-widget-text-editor\" data-id=\"54b6598a\" data-element_type=\"widget\" data-e-type=\"widget\" data-widget_type=\"text-editor.default\">\n\t\t\t\t<div class=\"elementor-widget-container\">\n\t\t\t\t\t\t\t\t\t<p>Prezamos pelos melhores acabamentos, trabalhamos com materiais de primeira linha para assegurar a excel\u00eancia em nossos projetos. Nosso diferencial est\u00e1 na habilidade em construir e implementar inovadores projetos, pensando na qualidade, praticidade e conforto.<\/p>\t\t\t\t\t\t\t\t<\/div>\n\t\t\t\t<\/div>\n\t\t\t\t<div class=\"elementor-element elementor-element-75e7f76f elementor-widget elementor-widget-text-editor\" data-id=\"75e7f76f\" data-element_type=\"widget\" data-e-type=\"widget\" data-widget_type=\"text-editor.default\">\n\t\t\t\t<div class=\"elementor-widget-container\">\n\t\t\t\t\t\t\t\t\t<p>A Imobili\u00e1ria e Construtora Cavalli, preza por seus clientes, desenvolvemos alternativas inteligentes e metodologias otimizadas para valorizar cada empreendimento ao m\u00e1ximo, utilizando as mais avan\u00e7adas t\u00e9cnicas de atendimento e de constru\u00e7\u00e3o, sempre em localiza\u00e7\u00f5es diferenciadas, capaz de atender todos os estilos das fam\u00edlias e empreendimento.<\/p>\t\t\t\t\t\t\t\t<\/div>\n\t\t\t\t<\/div>\n\t\t\t\t<div class=\"elementor-element elementor-element-d045d47 elementor-widget elementor-widget-text-editor\" data-id=\"d045d47\" data-element_type=\"widget\" data-e-type=\"widget\" data-widget_type=\"text-editor.default\">\n\t\t\t\t<div class=\"elementor-widget-container\">\n\t\t\t\t\t\t\t\t\t<p>Nossos valores<\/p>\t\t\t\t\t\t\t\t<\/div>\n\t\t\t\t<\/div>\n\t\t\t\t<div class=\"elementor-element elementor-element-031fbcd elementor-widget elementor-widget-text-editor\" data-id=\"031fbcd\" data-element_type=\"widget\" data-e-type=\"widget\" data-widget_type=\"text-editor.default\">\n\t\t\t\t<div class=\"elementor-widget-container\">\n\t\t\t\t\t\t\t\t\t<p>Satisfa\u00e7\u00e3o dos nossos clientes, garantindo a certeza de que fizeram a melhor escolha.<br \/>\u2022 Compromisso com resultados e entregas dos nossos produtos, cumprindo prazos e atendendo aos padr\u00f5es de qualidade.<br \/>\u2022 Proporcionar ambiente de alta performance, cooperativo e que ofere\u00e7a prazer e realiza\u00e7\u00e3o profissional para todos os colaboradores.<\/p>\t\t\t\t\t\t\t\t<\/div>\n\t\t\t\t<\/div>\n\t\t\t\t<div class=\"elementor-element elementor-element-ac697eb elementor-widget elementor-widget-text-editor\" data-id=\"ac697eb\" data-element_type=\"widget\" data-e-type=\"widget\" data-widget_type=\"text-editor.default\">\n\t\t\t\t<div class=\"elementor-widget-container\">\n\t\t\t\t\t\t\t\t\t<p><strong>Nossos diferenciais reconhecidos pelo mercado:<\/strong><\/p><p>\u2022 Capacidade produtiva;<br \/>\u2022 Pontualidade nas entregas;<br \/>\u2022 Seguran\u00e7a do trabalho;<br \/>\u2022 Colaboradores altamente qualificados e experientes;<br \/>\u2022 Solidez financeira;<br \/>\u2022 Satisfa\u00e7\u00e3o dos clientes.<\/p>\t\t\t\t\t\t\t\t<\/div>\n\t\t\t\t<\/div>\n\t\t\t\t<section class=\"elementor-section elementor-inner-section elementor-element elementor-element-683c11ba elementor-section-boxed elementor-section-height-default elementor-section-height-default\" data-id=\"683c11ba\" data-element_type=\"section\" data-e-type=\"section\">\n\t\t\t\t\t\t<div class=\"elementor-container elementor-column-gap-default\">\n\t\t\t\t\t<div class=\"elementor-column elementor-col-33 elementor-inner-column elementor-element elementor-element-28f02b65\" data-id=\"28f02b65\" data-element_type=\"column\" data-e-type=\"column\">\n\t\t\t<div class=\"elementor-widget-wrap\">\n\t\t\t\t\t\t\t<\/div>\n\t\t<\/div>\n\t\t\t\t<div class=\"elementor-column elementor-col-33 elementor-inner-column elementor-element elementor-element-d13e702\" data-id=\"d13e702\" data-element_type=\"column\" data-e-type=\"column\">\n\t\t\t<div class=\"elementor-widget-wrap\">\n\t\t\t\t\t\t\t<\/div>\n\t\t<\/div>\n\t\t\t\t<div class=\"elementor-column elementor-col-33 elementor-inner-column elementor-element elementor-element-770bda62\" data-id=\"770bda62\" data-element_type=\"column\" data-e-type=\"column\">\n\t\t\t<div class=\"elementor-widget-wrap\">\n\t\t\t\t\t\t\t<\/div>\n\t\t<\/div>\n\t\t\t\t\t<\/div>\n\t\t<\/section>\n\t\t\t\t\t<\/div>\n\t\t<\/div>\n\t\t\t\t<div class=\"elementor-column elementor-col-50 elementor-top-column elementor-element elementor-element-10d8b1ee\" data-id=\"10d8b1ee\" data-element_type=\"column\" data-e-type=\"column\">\n\t\t\t<div class=\"elementor-widget-wrap elementor-element-populated\">\n\t\t\t\t\t\t<div class=\"elementor-element elementor-element-4c36330 elementor-widget elementor-widget-image\" data-id=\"4c36330\" data-element_type=\"widget\" data-e-type=\"widget\" data-widget_type=\"image.default\">\n\t\t\t\t<div class=\"elementor-widget-container\">\n\t\t\t\t\t\t\t\t\t\t\t\t\t\t\t<img fetchpriority=\"high\" decoding=\"async\" width=\"660\" height=\"992\" src=\"https:\/\/construtoracavalli.com.br\/imobiliaria\/wp-content\/uploads\/2024\/05\/WhatsApp-Image-2024-05-07-at-09.57.45-681x1024.jpeg\" class=\"attachment-large size-large wp-image-8366\" alt=\"\" srcset=\"https:\/\/construtoracavalli.com.br\/imobiliaria\/wp-content\/uploads\/2024\/05\/WhatsApp-Image-2024-05-07-at-09.57.45-681x1024.jpeg 681w, https:\/\/construtoracavalli.com.br\/imobiliaria\/wp-content\/uploads\/2024\/05\/WhatsApp-Image-2024-05-07-at-09.57.45-200x300.jpeg 200w, https:\/\/construtoracavalli.com.br\/imobiliaria\/wp-content\/uploads\/2024\/05\/WhatsApp-Image-2024-05-07-at-09.57.45-768x1154.jpeg 768w, https:\/\/construtoracavalli.com.br\/imobiliaria\/wp-content\/uploads\/2024\/05\/WhatsApp-Image-2024-05-07-at-09.57.45-77x116.jpeg 77w, https:\/\/construtoracavalli.com.br\/imobiliaria\/wp-content\/uploads\/2024\/05\/WhatsApp-Image-2024-05-07-at-09.57.45.jpeg 851w\" sizes=\"(max-width: 660px) 100vw, 660px\" \/>\t\t\t\t\t\t\t\t\t\t\t\t\t\t\t<\/div>\n\t\t\t\t<\/div>\n\t\t\t\t\t<\/div>\n\t\t<\/div>\n\t\t\t\t\t<\/div>\n\t\t<\/section>\n\t\t\t\t<section class=\"elementor-section elementor-top-section elementor-element elementor-element-1e9c8e56 elementor-section-stretched elementor-section-boxed elementor-section-height-default elementor-section-height-default\" data-id=\"1e9c8e56\" data-element_type=\"section\" data-e-type=\"section\" data-settings=\"{&quot;stretch_section&quot;:&quot;section-stretched&quot;,&quot;background_background&quot;:&quot;classic&quot;}\">\n\t\t\t\t\t\t<div class=\"elementor-container elementor-column-gap-extended\">\n\t\t\t\t\t<div class=\"elementor-column elementor-col-100 elementor-top-column elementor-element elementor-element-6c714326\" data-id=\"6c714326\" data-element_type=\"column\" data-e-type=\"column\">\n\t\t\t<div class=\"elementor-widget-wrap elementor-element-populated\">\n\t\t\t\t\t\t<div class=\"elementor-element elementor-element-48782b4c elementor-hidden-phone elementor-widget elementor-widget-spacer\" data-id=\"48782b4c\" data-element_type=\"widget\" data-e-type=\"widget\" data-widget_type=\"spacer.default\">\n\t\t\t\t<div class=\"elementor-widget-container\">\n\t\t\t\t\t\t\t<div class=\"elementor-spacer\">\n\t\t\t<div class=\"elementor-spacer-inner\"><\/div>\n\t\t<\/div>\n\t\t\t\t\t\t<\/div>\n\t\t\t\t<\/div>\n\t\t\t\t\t<\/div>\n\t\t<\/div>\n\t\t\t\t\t<\/div>\n\t\t<\/section>\n\t\t\t\t<section class=\"elementor-section elementor-top-section elementor-element elementor-element-78f39639 elementor-section-stretched elementor-section-boxed elementor-section-height-default elementor-section-height-default\" data-id=\"78f39639\" data-element_type=\"section\" data-e-type=\"section\" data-settings=\"{&quot;stretch_section&quot;:&quot;section-stretched&quot;,&quot;background_background&quot;:&quot;classic&quot;}\">\n\t\t\t\t\t\t<div class=\"elementor-container elementor-column-gap-extended\">\n\t\t\t\t\t<div class=\"elementor-column elementor-col-100 elementor-top-column elementor-element elementor-element-b656cc7\" data-id=\"b656cc7\" data-element_type=\"column\" data-e-type=\"column\">\n\t\t\t<div class=\"elementor-widget-wrap elementor-element-populated\">\n\t\t\t\t\t\t<div class=\"elementor-element elementor-element-2ce923d3 elementor-widget elementor-widget-apus_element_features_box\" data-id=\"2ce923d3\" data-element_type=\"widget\" data-e-type=\"widget\" data-widget_type=\"apus_element_features_box.default\">\n\t\t\t\t<div class=\"elementor-widget-container\">\n\t\t\t\t\t            <div class=\"widget-features-box  center style2\">\n                                    <div class=\"slick-carousel hidden-dots\" data-items=\"3\" data-smallmedium=\"2\" data-extrasmall=\"1\" data-pagination=\"true\" data-nav=\"false\">\n                                                    <div class=\"item\">\n                                <div class=\"item-inner\">\n                                    <div class=\"top-inner\">\n                                                                                <div class=\"features-box-image icon\"><i class=\"flaticon-high-five\"><\/i><\/div><\/div><div class=\"features-box-content\"><h3 class=\"title\">Quero alugar<\/h3><div class=\"description\">Descubra as op\u00e7\u00f5es completas da Independ\u00eancia Assessoria para aluguel de im\u00f3veis sem burocracia em Porto Alegre e regi\u00e3o. Temos apartamentos, casas, kitnets, salas comerciais, lojas e muito mais. Desfrute do aluguel residencial sem fiador e fa\u00e7a seu agendamento online hoje mesmo. Encontre a moradia dos seus sonhos com a nossa ajuda.<\/div><\/div>\n                                <\/div>\n                            <\/div>\n                                                    <div class=\"item\">\n                                <div class=\"item-inner\">\n                                    <div class=\"top-inner\">\n                                                                                <div class=\"features-box-image icon\"><i class=\"flaticon-home-1\"><\/i><\/div><\/div><div class=\"features-box-content\"><h3 class=\"title\">Administra\u00e7\u00e3o de Condom\u00ednios<\/h3><div class=\"description\">Desfrute de dias tranquilos com a gest\u00e3o descomplicada e transparente da Independ\u00eancia Assessoria. Cuidamos de tudo para voc\u00ea, desde a manuten\u00e7\u00e3o da piscina at\u00e9 quest\u00f5es legais, de reuni\u00f5es a finan\u00e7as. Mantenha uma comunica\u00e7\u00e3o ininterrupta com o seu condom\u00ednio por meio do aplicativo exclusivo da Independ\u00eancia Assessoria. Tenha uma experi\u00eancia sem complica\u00e7\u00f5es na administra\u00e7\u00e3o do seu condom\u00ednio.<\/div><\/div>\n                                <\/div>\n                            <\/div>\n                                                    <div class=\"item\">\n                                <div class=\"item-inner\">\n                                    <div class=\"top-inner\">\n                                                                                <div class=\"features-box-image icon\"><i class=\"ti-home\"><\/i><\/div><\/div><div class=\"features-box-content\"><h3 class=\"title\">Quero Comprar<\/h3><div class=\"description\">Anuncie seu im\u00f3vel e alcance mais de 200 mil interessados por m\u00eas, sem sair de casa. Conte com especialistas para uma experi\u00eancia f\u00e1cil e segura. Maximize seu sucesso com a Independ\u00eancia Assessoria.<\/div><\/div>\n                                <\/div>\n                            <\/div>\n                                            <\/div>\n                            <\/div>\n            \t\t\t\t<\/div>\n\t\t\t\t<\/div>\n\t\t\t\t\t<\/div>\n\t\t<\/div>\n\t\t\t\t\t<\/div>\n\t\t<\/section>\n\t\t\t\t<section class=\"elementor-section elementor-top-section elementor-element elementor-element-3520a66 elementor-section-stretched elementor-section-content-middle elementor-section-boxed elementor-section-height-default elementor-section-height-default\" data-id=\"3520a66\" data-element_type=\"section\" data-e-type=\"section\" data-settings=\"{&quot;stretch_section&quot;:&quot;section-stretched&quot;,&quot;background_background&quot;:&quot;classic&quot;}\">\n\t\t\t\t\t\t\t<div class=\"elementor-background-overlay\"><\/div>\n\t\t\t\t\t\t\t<div class=\"elementor-container elementor-column-gap-extended\">\n\t\t\t\t\t<div class=\"elementor-column elementor-col-50 elementor-top-column elementor-element elementor-element-e5a1a2c\" data-id=\"e5a1a2c\" data-element_type=\"column\" data-e-type=\"column\" data-settings=\"{&quot;background_background&quot;:&quot;classic&quot;}\">\n\t\t\t<div class=\"elementor-widget-wrap elementor-element-populated\">\n\t\t\t\t\t\t<div class=\"elementor-element elementor-element-115c0b8 elementor-widget elementor-widget-heading\" data-id=\"115c0b8\" data-element_type=\"widget\" data-e-type=\"widget\" data-widget_type=\"heading.default\">\n\t\t\t\t<div class=\"elementor-widget-container\">\n\t\t\t\t\t<h2 class=\"elementor-heading-title elementor-size-default\">ADQUIRA O IM\u00d3VEL\nDOS SEUS SONHOS<\/h2>\t\t\t\t<\/div>\n\t\t\t\t<\/div>\n\t\t\t\t<div class=\"elementor-element elementor-element-4e29077 elementor-widget elementor-widget-spacer\" data-id=\"4e29077\" data-element_type=\"widget\" data-e-type=\"widget\" data-widget_type=\"spacer.default\">\n\t\t\t\t<div class=\"elementor-widget-container\">\n\t\t\t\t\t\t\t<div class=\"elementor-spacer\">\n\t\t\t<div class=\"elementor-spacer-inner\"><\/div>\n\t\t<\/div>\n\t\t\t\t\t\t<\/div>\n\t\t\t\t<\/div>\n\t\t\t\t<div class=\"elementor-element elementor-element-edc8e76 elementor-widget elementor-widget-heading\" data-id=\"edc8e76\" data-element_type=\"widget\" data-e-type=\"widget\" data-widget_type=\"heading.default\">\n\t\t\t\t<div class=\"elementor-widget-container\">\n\t\t\t\t\t<div class=\"elementor-heading-title elementor-size-default\">Podemos encontrar um neg\u00f3cio perfeito pra voc\u00ea.\n\n<\/div>\t\t\t\t<\/div>\n\t\t\t\t<\/div>\n\t\t\t\t<div class=\"elementor-element elementor-element-6cb9cb9 elementor-widget elementor-widget-spacer\" data-id=\"6cb9cb9\" data-element_type=\"widget\" data-e-type=\"widget\" data-widget_type=\"spacer.default\">\n\t\t\t\t<div class=\"elementor-widget-container\">\n\t\t\t\t\t\t\t<div class=\"elementor-spacer\">\n\t\t\t<div class=\"elementor-spacer-inner\"><\/div>\n\t\t<\/div>\n\t\t\t\t\t\t<\/div>\n\t\t\t\t<\/div>\n\t\t\t\t\t<\/div>\n\t\t<\/div>\n\t\t\t\t<div class=\"elementor-column elementor-col-50 elementor-top-column elementor-element elementor-element-210a3d4\" data-id=\"210a3d4\" data-element_type=\"column\" data-e-type=\"column\" data-settings=\"{&quot;background_background&quot;:&quot;classic&quot;}\">\n\t\t\t<div class=\"elementor-widget-wrap elementor-element-populated\">\n\t\t\t\t\t\t<div class=\"elementor-element elementor-element-cd67ff0 btn-gradient-primary elementor-widget__width-auto elementor-button-success elementor-widget elementor-widget-button\" data-id=\"cd67ff0\" data-element_type=\"widget\" data-e-type=\"widget\" data-widget_type=\"button.default\">\n\t\t\t\t<div class=\"elementor-widget-container\">\n\t\t\t\t\t\t\t\t\t<div class=\"elementor-button-wrapper\">\n\t\t\t\t\t<a class=\"elementor-button elementor-button-link elementor-size-xl\" href=\"https:\/\/api.whatsapp.com\/send?phone=5549999150144&#038;text=Estou%20no%20site%20da%20Construtora%20Cavalli%20e%20quero%20saber%20mais%20sobre%20compra%20de%20empreendimentos\">\n\t\t\t\t\t\t<span class=\"elementor-button-content-wrapper\">\n\t\t\t\t\t\t<span class=\"elementor-button-icon\">\n\t\t\t\t<i aria-hidden=\"true\" class=\"fas fa-hands-helping\"><\/i>\t\t\t<\/span>\n\t\t\t\t\t\t\t\t\t<span class=\"elementor-button-text\">Falar com corretor online<\/span>\n\t\t\t\t\t<\/span>\n\t\t\t\t\t<\/a>\n\t\t\t\t<\/div>\n\t\t\t\t\t\t\t\t<\/div>\n\t\t\t\t<\/div>\n\t\t\t\t\t<\/div>\n\t\t<\/div>\n\t\t\t\t\t<\/div>\n\t\t<\/section>\n\t\t\t\t<\/div>\n\t\t","protected":false},"excerpt":{"rendered":"<p>A construtora Cavalli H\u00e1 17 anos constru\u00edmos com responsabilidade e nossa trajet\u00f3ria \u00e9 marcada pela busca permanente por um padr\u00e3o de qualidade superior e pela garantia de obras executadas no prazo. Prezamos pelos melhores acabamentos, trabalhamos com materiais de primeira linha para assegurar a excel\u00eancia em nossos projetos. Nosso diferencial est\u00e1 na habilidade em construir [&hellip;]<\/p>\n","protected":false},"author":1,"featured_media":0,"parent":0,"menu_order":0,"comment_status":"closed","ping_status":"closed","template":"elementor_header_footer","meta":{"_monsterinsights_skip_tracking":false,"_monsterinsights_sitenote_active":false,"_monsterinsights_sitenote_note":"","_monsterinsights_sitenote_category":0,"footnotes":""},"class_list":["post-7113","page","type-page","status-publish","hentry"],"aioseo_notices":[],"_links":{"self":[{"href":"https:\/\/construtoracavalli.com.br\/imobiliaria\/wp-json\/wp\/v2\/pages\/7113","targetHints":{"allow":["GET"]}}],"collection":[{"href":"https:\/\/construtoracavalli.com.br\/imobiliaria\/wp-json\/wp\/v2\/pages"}],"about":[{"href":"https:\/\/construtoracavalli.com.br\/imobiliaria\/wp-json\/wp\/v2\/types\/page"}],"author":[{"embeddable":true,"href":"https:\/\/construtoracavalli.com.br\/imobiliaria\/wp-json\/wp\/v2\/users\/1"}],"replies":[{"embeddable":true,"href":"https:\/\/construtoracavalli.com.br\/imobiliaria\/wp-json\/wp\/v2\/comments?post=7113"}],"version-history":[{"count":0,"href":"https:\/\/construtoracavalli.com.br\/imobiliaria\/wp-json\/wp\/v2\/pages\/7113\/revisions"}],"wp:attachment":[{"href":"https:\/\/construtoracavalli.com.br\/imobiliaria\/wp-json\/wp\/v2\/media?parent=7113"}],"curies":[{"name":"wp","href":"https:\/\/api.w.org\/{rel}","templated":true}]}}